{"id":12,"date":"2024-10-10T14:59:22","date_gmt":"2024-10-10T12:59:22","guid":{"rendered":"https:\/\/disikit.de\/?page_id=12"},"modified":"2025-10-09T13:30:14","modified_gmt":"2025-10-09T11:30:14","slug":"disikit-process","status":"publish","type":"page","link":"https:\/\/disikit.de\/index.php\/disikit-process\/","title":{"rendered":"DiSiKit \u2013 Process"},"content":{"rendered":"\n<p style=\"font-size:17px\">Zust\u00e4ndig: <a href=\"https:\/\/www.uni-kassel.de\/fb01\/index.html\" target=\"_blank\" rel=\"noreferrer noopener\">Universit\u00e4t Kassel<\/a><\/p>\n\n\n\n<p style=\"font-size:17px\">Team: <a href=\"https:\/\/www.uni-kassel.de\/fb01\/institute\/institut-fuer-sozialwesen\/fachgebiete\/erziehungswissenschaft-mit-dem-schwerpunkt-soziale-arbeit-und-bildung\/prof-dr-ina-kaul.html\" target=\"_blank\" rel=\"noreferrer noopener\">Prof. Dr. Ina Kaul<\/a>, <a href=\"https:\/\/www.uni-kassel.de\/fb01\/institute\/institut-fuer-sozialwesen\/fachgebiete\/erziehungswissenschaft-mit-dem-schwerpunkt-soziale-arbeit-und-bildung\/mitarbeitende\/yvonne-gormanns.html\" target=\"_blank\" rel=\"noreferrer noopener\">Yvonne Gormanns<\/a>, <a href=\"https:\/\/www.uni-kassel.de\/fb01\/institute\/institut-fuer-sozialwesen\/fachgebiete\/erziehungswissenschaft-mit-dem-schwerpunkt-soziale-arbeit-und-bildung\/mitarbeitende.html\" target=\"_blank\" rel=\"noreferrer noopener\">Andrea Wilhelm<\/a> (stud. Mitarbeiterin)<\/p>\n\n\n\n<p>Beschreibung<\/p>\n\n\n\n<p class=\"has-text-align-left\" style=\"font-size:17px\">Das Teilprojekt <em>Disikit \u2013 Process <\/em>verbindet unterschiedliche Projektaufgaben mit dem Ziel, bei der <a>appgest\u00fctzten Praxisbegleitung <\/a>in Kindertageseinrichtungen Forschung und Praxis zu verkn\u00fcpfen. Gemeinsam mit dem ifib und dem PARIT\u00c4TISCHEN Wohlfahrtsverband Hamburg e.V. wird parallel zur empirischen Erhebung mit der Praxis ein abgestimmtes Praxisbegleitkonzept entwickelt, das im Tandem aus Partnern aus Praxis und Forschung partizipativ entwickelt und durchgef\u00fchrt wird. Dazu geh\u00f6ren die Auswahl und Einf\u00fchrung der Spielmaterialien, die fortw\u00e4hrende Unterst\u00fctzung der Fachkr\u00e4ftebei der Nutzung der Spielmaterialien und der App sowie die Durchf\u00fchrung der begleitenden Forschung. \u00dcber teilnehmende Beobachtungen und Dokumentenanalyse sowie Leitungsinterviews wird die Praxisbegleitung und Erprobung des Materials forschend in den Blick genommen. Parallel hierzu unterst\u00fctzt das Teilprojekt die Durchf\u00fchrung von Workshops zu zentralen Themen von Diversit\u00e4t. Zudem wird die Nutzung des entwickelten appgest\u00fctzten Praxisbegleitungskonzepts f\u00fcr Andere auch nach der Projektlaufzeit vorbereitet und eine praxisorientierte Streuung des Praxisbegleitkonzeptes unterst\u00fctzt.<\/p>\n\n\n\n<p><\/p>\n\n\n\n<p><\/p>\n","protected":false},"excerpt":{"rendered":"<p>Zust\u00e4ndig: Universit\u00e4t Kassel Team: Prof. Dr. Ina Kaul, Yvonne Gormanns, Andrea Wilhelm (stud. Mitarbeiterin) Beschreibung Das Teilprojekt Disikit \u2013 Process verbindet unterschiedliche Projektaufgaben mit dem Ziel, bei der appgest\u00fctzten Praxisbegleitung in Kindertageseinrichtungen Forschung und Praxis zu verkn\u00fcpfen. Gemeinsam mit dem ifib und dem PARIT\u00c4TISCHEN Wohlfahrtsverband Hamburg e.V. wird parallel zur empirischen Erhebung mit der Praxis [&hellip;]<\/p>\n","protected":false},"author":2,"featured_media":0,"parent":0,"menu_order":0,"comment_status":"closed","ping_status":"closed","template":"","meta":{"footnotes":""},"class_list":["post-12","page","type-page","status-publish","hentry"],"_links":{"self":[{"href":"https:\/\/disikit.de\/index.php\/wp-json\/wp\/v2\/pages\/12","targetHints":{"allow":["GET"]}}],"collection":[{"href":"https:\/\/disikit.de\/index.php\/wp-json\/wp\/v2\/pages"}],"about":[{"href":"https:\/\/disikit.de\/index.php\/wp-json\/wp\/v2\/types\/page"}],"author":[{"embeddable":true,"href":"https:\/\/disikit.de\/index.php\/wp-json\/wp\/v2\/users\/2"}],"replies":[{"embeddable":true,"href":"https:\/\/disikit.de\/index.php\/wp-json\/wp\/v2\/comments?post=12"}],"version-history":[{"count":14,"href":"https:\/\/disikit.de\/index.php\/wp-json\/wp\/v2\/pages\/12\/revisions"}],"predecessor-version":[{"id":363,"href":"https:\/\/disikit.de\/index.php\/wp-json\/wp\/v2\/pages\/12\/revisions\/363"}],"wp:attachment":[{"href":"https:\/\/disikit.de\/index.php\/wp-json\/wp\/v2\/media?parent=12"}],"curies":[{"name":"wp","href":"https:\/\/api.w.org\/{rel}","templated":true}]}}