{"id":15,"date":"2024-10-10T15:01:43","date_gmt":"2024-10-10T13:01:43","guid":{"rendered":"https:\/\/disikit.de\/?page_id=15"},"modified":"2025-09-03T13:47:17","modified_gmt":"2025-09-03T11:47:17","slug":"disikit-develop","status":"publish","type":"page","link":"https:\/\/disikit.de\/index.php\/disikit-develop\/","title":{"rendered":"DiSiKit \u2013 Develop"},"content":{"rendered":"\n<p style=\"font-size:17px\">Zust\u00e4ndig: <a href=\"https:\/\/www.ifib.de\/projekte\/detail\/disikit\" target=\"_blank\" rel=\"noreferrer noopener\">Institut f\u00fcr Informationsmanagement Bremen (ifib)<\/a><\/p>\n\n\n\n<p style=\"font-size:17px\">Team: <a href=\"https:\/\/www.ifib.de\/ueber-uns\/team\/detail\/svenja-garbade\" target=\"_blank\" rel=\"noreferrer noopener\">Dr. Svenja Garbade<\/a>, <a href=\"https:\/\/www.ifib.de\/ueber-uns\/team\/detail\/stefan-welling\" target=\"_blank\" rel=\"noreferrer noopener\">Dr. Stefan Welling<\/a>, Finnja Loddenkemper (stud. Mitarbeiterin)<\/p>\n\n\n\n<p style=\"font-size:17px\">Beschreibung:<\/p>\n\n\n\n<p style=\"font-size:17px\">Das Teilprojekt <em>DiSiKit \u2013 Develop<\/em> ist zust\u00e4ndig f\u00fcr die Entwicklung der App zur Praxisbegleitung. Ziel des Teilprojekts ist es Erkenntnisse der empirischen Bildungsforschung zu Diversit\u00e4t, Reflexivit\u00e4t, Kindheitsp\u00e4dagogik, Spielmaterialien und fallbasiertem Lernen in der App bereitzustellen und zu transferieren. Damit ist <em>DiSiKit \u2013 Develop<\/em> zentral f\u00fcr Wissenschaftskommunikation in die organisationalen Strukturen von Kindertageseinrichtungen. Unter Ber\u00fccksichtigung vorhandener Forschung bietet die App die M\u00f6glichkeit, je nach Wissensstand der p\u00e4dagogischen Fachkraft, algorithmisch gesteuerte Reflexionsimpulse, Fallbeispiele und komprimierte Wissenseinheiten bereit zu stellen. \u00dcber die Impulse erweitern die p\u00e4dagogischen Fachkr\u00e4fte ihre Handlungskompetenzen in Bezug auf Diversit\u00e4tsreflexivit\u00e4t. Die Erfahrungen der Teilnehmenden, wie auch die Ergebnisse der Begleitforschung werden in die App-Entwicklung im Verlauf der Projektzeit eingearbeitet. Die Konzeption der App ber\u00fccksichtigt organisationale Rahmenbedingungen von Kindertageseinrichtungen sowie die vorliegenden technischen Voraussetzungen und Vorerfahrungen. Die App unterst\u00fctzt das Praxisbegleit- und Fortbildungskonzept des Teilprojekts <em>DiSiKit \u2013 Process<\/em> und wird aufbereitet f\u00fcr eine nachhaltige Nutzung nach der Projektlaufzeit.<\/p>\n","protected":false},"excerpt":{"rendered":"<p>Zust\u00e4ndig: Institut f\u00fcr Informationsmanagement Bremen (ifib) Team: Dr. Svenja Garbade, Dr. Stefan Welling, Finnja Loddenkemper (stud. Mitarbeiterin) Beschreibung: Das Teilprojekt DiSiKit \u2013 Develop ist zust\u00e4ndig f\u00fcr die Entwicklung der App zur Praxisbegleitung. Ziel des Teilprojekts ist es Erkenntnisse der empirischen Bildungsforschung zu Diversit\u00e4t, Reflexivit\u00e4t, Kindheitsp\u00e4dagogik, Spielmaterialien und fallbasiertem Lernen in der App bereitzustellen und zu [&hellip;]<\/p>\n","protected":false},"author":2,"featured_media":0,"parent":0,"menu_order":0,"comment_status":"closed","ping_status":"closed","template":"","meta":{"footnotes":""},"class_list":["post-15","page","type-page","status-publish","hentry"],"_links":{"self":[{"href":"https:\/\/disikit.de\/index.php\/wp-json\/wp\/v2\/pages\/15","targetHints":{"allow":["GET"]}}],"collection":[{"href":"https:\/\/disikit.de\/index.php\/wp-json\/wp\/v2\/pages"}],"about":[{"href":"https:\/\/disikit.de\/index.php\/wp-json\/wp\/v2\/types\/page"}],"author":[{"embeddable":true,"href":"https:\/\/disikit.de\/index.php\/wp-json\/wp\/v2\/users\/2"}],"replies":[{"embeddable":true,"href":"https:\/\/disikit.de\/index.php\/wp-json\/wp\/v2\/comments?post=15"}],"version-history":[{"count":11,"href":"https:\/\/disikit.de\/index.php\/wp-json\/wp\/v2\/pages\/15\/revisions"}],"predecessor-version":[{"id":356,"href":"https:\/\/disikit.de\/index.php\/wp-json\/wp\/v2\/pages\/15\/revisions\/356"}],"wp:attachment":[{"href":"https:\/\/disikit.de\/index.php\/wp-json\/wp\/v2\/media?parent=15"}],"curies":[{"name":"wp","href":"https:\/\/api.w.org\/{rel}","templated":true}]}}