{"id":8,"date":"2024-10-10T14:56:03","date_gmt":"2024-10-10T12:56:03","guid":{"rendered":"https:\/\/disikit.de\/?page_id=8"},"modified":"2026-01-27T15:50:13","modified_gmt":"2026-01-27T14:50:13","slug":"das-verbundprojekt","status":"publish","type":"page","link":"https:\/\/disikit.de\/","title":{"rendered":"Diversit\u00e4tsreflexive Spielmaterialien. Appgest\u00fctzte Praxisbegleitung in Kitas (DiSiKit)"},"content":{"rendered":"\n<h2 class=\"wp-block-heading\">Das Verbundprojekt <\/h2>\n\n\n\n<p class=\"has-text-align-left\" style=\"font-size:17px\">Das Verbundvorhaben &#8222;Diversit\u00e4tsreflexive Spielmaterialien. Appgest\u00fctzte Praxisbegleitung in Kitas (DiSiKit)&#8220;<br>setzt an der Frage nach einer diversit\u00e4tsreflexiven Professionalisierung mittels Spielmaterialien in Kitas an. Ziel des gemeinsamen Vorhabens der <a href=\"https:\/\/www.uni-hildesheim.de\/en\/kompetenzzentrum-fruehe-kindheit\/interdisziplinaeres-profil\/paedagogische-interaktionen2\/paedagogische-interaktionen-2\/\" target=\"_blank\" rel=\"noreferrer noopener\">Universit\u00e4t Hildesheim<\/a>, der <a href=\"https:\/\/www.uni-kassel.de\/fb01\/institute\/institute\/institute\/institut-fuer-sozialwesen\/fachgebiete\/behinderung-inklusion-und-soziale-teilhabe\/erziehungswissenschaft-mit-dem-schwerpunkt-soziale-arbeit-und-bildung\/prof-dr-ina-kaul.html\" target=\"_blank\" rel=\"noreferrer noopener\">Universit\u00e4t Kassel<\/a>, des <a href=\"https:\/\/www.ifib.de\/projekte\/detail\/disikit\" data-type=\"link\" data-id=\"https:\/\/www.ifib.de\/projekte\/detail\/disikit\" target=\"_blank\" rel=\"noreferrer noopener\">Instituts f\u00fcr Informationsmanagement Bremen GmbH<\/a> sowie des <a href=\"https:\/\/www.paritaet-hamburg.de\/fachbereiche\/fruehe-bildung-betreuung-und-erziehung-\/-kita\" data-type=\"link\" data-id=\"https:\/\/www.paritaet-hamburg.de\/fachbereiche\/fruehe-bildung-betreuung-und-erziehung-\/-kita\" target=\"_blank\" rel=\"noreferrer noopener\">PARIT\u00c4TISCHEN Wohlfahrtsverbands Hamburg<\/a> ist die F\u00f6rderung der Entwicklung reflexiver Kompetenzen p\u00e4dagogischer Fachkr\u00e4fte f\u00fcr den Umgang mit diversit\u00e4tsreflexiven Spielmaterialien \u00fcber Tandem-Prozessbegleitung mit unterst\u00fctzender App. Dabei werden Erkenntnisse zum gelingenden p\u00e4dagogischen Umgang mit Diversit\u00e4t gewonnen, mit bisherigen Erkenntnissen zu Diversit\u00e4tsreflexivit\u00e4t aus der qualitativen Bildungsforschung verbunden und in die Praxis transferiert. Auf Basis einer durch Forschung flankierten Tandem-Prozessbegleitung von 10 Kitas werden die Erkenntnisse in die Entwicklung eines \u00fcbertragbaren Praxisbegleitungs- und Fortbildungskonzeptes mit Appunterst\u00fctzung \u00fcberf\u00fchrt. Dieses r\u00fcckt fall- und materialbasiertes Lernen in den Mittelpunkt und verkn\u00fcpft es gewinnbringend mit Digitalisierung. Hier\u00fcber werden Kitas gezielt bei der Implementation der diversit\u00e4tsreflexiven Spielmaterialien unterst\u00fctzt und die diversit\u00e4tsbezogene Qualit\u00e4tsentwicklung in der Organisation und bei Fachkr\u00e4ften systematisch gef\u00f6rdert.<\/p>\n\n\n\n<p class=\"has-text-align-left\" style=\"font-size:17px\">Das Projekt &#8222;Diversit\u00e4tsreflexive Spielmaterialien. Appgest\u00fctzte Praxisbegleitung in Kitas (DiSiKit)&#8220; wird gef\u00f6rdert durch die Projektlinie &#8222;Integration durch Bildung&#8220;. <a href=\"https:\/\/www.empirische-bildungsforschung-bmbf.de\/de\/Integration-durch-Bildung-1752.html\">Hier<\/a> geht es zur F\u00f6rderlinie.<\/p>\n\n\n\n<div style=\"height:172px\" aria-hidden=\"true\" class=\"wp-block-spacer\"><\/div>\n\n\n\n<div class=\"wp-block-columns is-layout-flex wp-container-core-columns-is-layout-9d6595d7 wp-block-columns-is-layout-flex\">\n<div class=\"wp-block-column is-layout-flow wp-block-column-is-layout-flow\">\n<div class=\"wp-block-columns is-layout-flex wp-container-core-columns-is-layout-9d6595d7 wp-block-columns-is-layout-flex\">\n<div class=\"wp-block-column is-layout-flow wp-block-column-is-layout-flow\">\n<figure class=\"wp-block-gallery has-nested-images columns-default is-cropped wp-block-gallery-1 is-layout-flex wp-block-gallery-is-layout-flex\">\n<figure class=\"wp-block-image size-large is-resized is-style-default\"><img loading=\"lazy\" decoding=\"async\" width=\"605\" height=\"264\" data-id=\"238\" src=\"https:\/\/disikit.de\/wp-content\/uploads\/2025\/02\/DiSiKit-Logo-B-1-neu-2.png\" alt=\"\" class=\"wp-image-238\" style=\"width:199px;height:auto\" srcset=\"https:\/\/disikit.de\/wp-content\/uploads\/2025\/02\/DiSiKit-Logo-B-1-neu-2.png 605w, https:\/\/disikit.de\/wp-content\/uploads\/2025\/02\/DiSiKit-Logo-B-1-neu-2-300x131.png 300w\" sizes=\"auto, (max-width: 605px) 100vw, 605px\" \/><\/figure>\n\n\n\n<figure class=\"wp-block-image size-large is-resized\"><img loading=\"lazy\" decoding=\"async\" width=\"605\" height=\"264\" data-id=\"237\" src=\"https:\/\/disikit.de\/wp-content\/uploads\/2025\/02\/DivSpaceLogo-605x264-2.png\" alt=\"\" class=\"wp-image-237\" style=\"width:176px;height:auto\" srcset=\"https:\/\/disikit.de\/wp-content\/uploads\/2025\/02\/DivSpaceLogo-605x264-2.png 605w, https:\/\/disikit.de\/wp-content\/uploads\/2025\/02\/DivSpaceLogo-605x264-2-300x131.png 300w\" sizes=\"auto, (max-width: 605px) 100vw, 605px\" \/><\/figure>\n<\/figure>\n<\/div>\n\n\n\n<div class=\"wp-block-column is-layout-flow wp-block-column-is-layout-flow\">\n<figure class=\"wp-block-gallery has-nested-images columns-default is-cropped wp-block-gallery-2 is-layout-flex wp-block-gallery-is-layout-flex\">\n<figure class=\"wp-block-image size-large is-resized\"><img loading=\"lazy\" decoding=\"async\" width=\"605\" height=\"264\" data-id=\"243\" src=\"https:\/\/disikit.de\/wp-content\/uploads\/2025\/02\/Uni_Hildesheim_Logo-4.jpg\" alt=\"\" class=\"wp-image-243\" style=\"width:155px;height:auto\" srcset=\"https:\/\/disikit.de\/wp-content\/uploads\/2025\/02\/Uni_Hildesheim_Logo-4.jpg 605w, https:\/\/disikit.de\/wp-content\/uploads\/2025\/02\/Uni_Hildesheim_Logo-4-300x131.jpg 300w\" sizes=\"auto, (max-width: 605px) 100vw, 605px\" \/><\/figure>\n\n\n\n<figure class=\"wp-block-image size-large\"><img loading=\"lazy\" decoding=\"async\" width=\"605\" height=\"264\" data-id=\"240\" src=\"https:\/\/disikit.de\/wp-content\/uploads\/2025\/02\/Pari_Hamburg_Logo-1536x441-Kopie-2.png\" alt=\"\" class=\"wp-image-240\" srcset=\"https:\/\/disikit.de\/wp-content\/uploads\/2025\/02\/Pari_Hamburg_Logo-1536x441-Kopie-2.png 605w, https:\/\/disikit.de\/wp-content\/uploads\/2025\/02\/Pari_Hamburg_Logo-1536x441-Kopie-2-300x131.png 300w\" sizes=\"auto, (max-width: 605px) 100vw, 605px\" \/><\/figure>\n<\/figure>\n<\/div>\n\n\n\n<div class=\"wp-block-column is-layout-flow wp-block-column-is-layout-flow\">\n<figure class=\"wp-block-gallery has-nested-images columns-default is-cropped wp-block-gallery-3 is-layout-flex wp-block-gallery-is-layout-flex\">\n<figure class=\"wp-block-image size-large is-resized\"><img loading=\"lazy\" decoding=\"async\" width=\"605\" height=\"264\" data-id=\"241\" src=\"https:\/\/disikit.de\/wp-content\/uploads\/2025\/02\/Logo_ifib-3.jpg\" alt=\"\" class=\"wp-image-241\" style=\"width:171px;height:auto\" srcset=\"https:\/\/disikit.de\/wp-content\/uploads\/2025\/02\/Logo_ifib-3.jpg 605w, https:\/\/disikit.de\/wp-content\/uploads\/2025\/02\/Logo_ifib-3-300x131.jpg 300w\" sizes=\"auto, (max-width: 605px) 100vw, 605px\" \/><\/figure>\n\n\n\n<figure class=\"wp-block-image size-large\"><img loading=\"lazy\" decoding=\"async\" width=\"605\" height=\"264\" data-id=\"239\" src=\"https:\/\/disikit.de\/wp-content\/uploads\/2025\/02\/Logo_Universitaet_928px_268px-1-Kopie-2.png\" alt=\"\" class=\"wp-image-239\" srcset=\"https:\/\/disikit.de\/wp-content\/uploads\/2025\/02\/Logo_Universitaet_928px_268px-1-Kopie-2.png 605w, https:\/\/disikit.de\/wp-content\/uploads\/2025\/02\/Logo_Universitaet_928px_268px-1-Kopie-2-300x131.png 300w\" sizes=\"auto, (max-width: 605px) 100vw, 605px\" \/><\/figure>\n<\/figure>\n<\/div>\n<\/div>\n<\/div>\n<\/div>\n\n\n\n<div class=\"wp-block-columns is-layout-flex wp-container-core-columns-is-layout-9d6595d7 wp-block-columns-is-layout-flex\">\n<div class=\"wp-block-column is-layout-flow wp-block-column-is-layout-flow\">\n<figure class=\"wp-block-image size-large is-style-default\"><img loading=\"lazy\" decoding=\"async\" width=\"1024\" height=\"227\" src=\"https:\/\/disikit.de\/wp-content\/uploads\/2026\/01\/Logos-neu-1-1024x227.jpg\" alt=\"\" class=\"wp-image-407\" srcset=\"https:\/\/disikit.de\/wp-content\/uploads\/2026\/01\/Logos-neu-1-1024x227.jpg 1024w, https:\/\/disikit.de\/wp-content\/uploads\/2026\/01\/Logos-neu-1-300x66.jpg 300w, https:\/\/disikit.de\/wp-content\/uploads\/2026\/01\/Logos-neu-1-768x170.jpg 768w, https:\/\/disikit.de\/wp-content\/uploads\/2026\/01\/Logos-neu-1.jpg 1164w\" sizes=\"auto, (max-width: 1024px) 100vw, 1024px\" \/><\/figure>\n<\/div>\n<\/div>\n\n\n\n\n\n<p><\/p>\n\n\n\n<p><\/p>\n","protected":false},"excerpt":{"rendered":"<p>Das Verbundprojekt Das Verbundvorhaben &#8222;Diversit\u00e4tsreflexive Spielmaterialien. Appgest\u00fctzte Praxisbegleitung in Kitas (DiSiKit)&#8220;setzt an der Frage nach einer diversit\u00e4tsreflexiven Professionalisierung mittels Spielmaterialien in Kitas an. Ziel des gemeinsamen Vorhabens der Universit\u00e4t Hildesheim, der Universit\u00e4t Kassel, des Instituts f\u00fcr Informationsmanagement Bremen GmbH sowie des PARIT\u00c4TISCHEN Wohlfahrtsverbands Hamburg ist die F\u00f6rderung der Entwicklung reflexiver Kompetenzen p\u00e4dagogischer Fachkr\u00e4fte f\u00fcr den [&hellip;]<\/p>\n","protected":false},"author":2,"featured_media":0,"parent":0,"menu_order":0,"comment_status":"closed","ping_status":"closed","template":"","meta":{"footnotes":""},"class_list":["post-8","page","type-page","status-publish","hentry"],"_links":{"self":[{"href":"https:\/\/disikit.de\/index.php\/wp-json\/wp\/v2\/pages\/8","targetHints":{"allow":["GET"]}}],"collection":[{"href":"https:\/\/disikit.de\/index.php\/wp-json\/wp\/v2\/pages"}],"about":[{"href":"https:\/\/disikit.de\/index.php\/wp-json\/wp\/v2\/types\/page"}],"author":[{"embeddable":true,"href":"https:\/\/disikit.de\/index.php\/wp-json\/wp\/v2\/users\/2"}],"replies":[{"embeddable":true,"href":"https:\/\/disikit.de\/index.php\/wp-json\/wp\/v2\/comments?post=8"}],"version-history":[{"count":25,"href":"https:\/\/disikit.de\/index.php\/wp-json\/wp\/v2\/pages\/8\/revisions"}],"predecessor-version":[{"id":427,"href":"https:\/\/disikit.de\/index.php\/wp-json\/wp\/v2\/pages\/8\/revisions\/427"}],"wp:attachment":[{"href":"https:\/\/disikit.de\/index.php\/wp-json\/wp\/v2\/media?parent=8"}],"curies":[{"name":"wp","href":"https:\/\/api.w.org\/{rel}","templated":true}]}}